{"id":80,"date":"2022-10-28T16:34:40","date_gmt":"2022-10-28T20:04:40","guid":{"rendered":"https:\/\/secuelas.artes.udelar.edu.uy\/?page_id=80"},"modified":"2022-11-18T19:38:20","modified_gmt":"2022-11-18T23:08:20","slug":"exposiciones-institucionales","status":"publish","type":"page","link":"https:\/\/secuelas.artes.udelar.edu.uy\/?page_id=80","title":{"rendered":"Exposiciones Institucionales"},"content":{"rendered":"<ul class=\"wp-block-latest-posts__list wp-block-latest-posts\"><li><div class=\"wp-block-latest-posts__featured-image\"><img loading=\"lazy\" decoding=\"async\" width=\"1024\" height=\"380\" src=\"https:\/\/secuelas.artes.udelar.edu.uy\/wp-content\/uploads\/2023\/03\/Pronta-1024x380.jpg\" class=\"attachment-large size-large wp-post-image\" alt=\"\" style=\"\" srcset=\"https:\/\/secuelas.artes.udelar.edu.uy\/wp-content\/uploads\/2023\/03\/Pronta-1024x380.jpg 1024w, https:\/\/secuelas.artes.udelar.edu.uy\/wp-content\/uploads\/2023\/03\/Pronta-300x111.jpg 300w, https:\/\/secuelas.artes.udelar.edu.uy\/wp-content\/uploads\/2023\/03\/Pronta-768x285.jpg 768w, https:\/\/secuelas.artes.udelar.edu.uy\/wp-content\/uploads\/2023\/03\/Pronta-1536x571.jpg 1536w, https:\/\/secuelas.artes.udelar.edu.uy\/wp-content\/uploads\/2023\/03\/Pronta-2048x761.jpg 2048w\" sizes=\"auto, (max-width: 1024px) 100vw, 1024px\" \/><\/div><a class=\"wp-block-latest-posts__post-title\" href=\"https:\/\/secuelas.artes.udelar.edu.uy\/?p=1021\">MUJERES \/ Acervo Art\u00edstico Institucional<\/a><div class=\"wp-block-latest-posts__post-excerpt\">En el marco del 8M de 2023, con mucho agrado presentamos la muestra MUJERES, conformada por obras de cada una de las autoras que integran el Acervo Art\u00edstico Institucional de la Facultad de Artes.\n\nEsta iniciativa surge a partir de la colaboraci\u00f3n desde la Unidad de Extensi\u00f3n a la convocatoria realizada en 2021 por la Comisi\u00f3n de G\u00e9nero y Diversidad de la Facultad de Artes para la exposici\u00f3n TRAMAS de RESISTENCIA, realizada en la Sala de Exposiciones de Facultad y tambi\u00e9n alojada en la plataforma web Secuelas.\n\nLas obras corresponden a autoras docentes, estudiantes y egresadas del entonces IENBA, realizadas en diversos lenguajes\n\nEn esta oportunidad compartimos a 67 autoras, acompa\u00f1adas de un texto producido por la Comisi\u00f3n de G\u00e9nero y Diversidad de Facultad de Artes.<\/div><\/li>\n<li><div class=\"wp-block-latest-posts__featured-image\"><img loading=\"lazy\" decoding=\"async\" width=\"1024\" height=\"410\" src=\"https:\/\/secuelas.artes.udelar.edu.uy\/wp-content\/uploads\/2022\/11\/Banner_Zeta-1024x410.jpg\" class=\"attachment-large size-large wp-post-image\" alt=\"\" style=\"\" srcset=\"https:\/\/secuelas.artes.udelar.edu.uy\/wp-content\/uploads\/2022\/11\/Banner_Zeta-1024x410.jpg 1024w, https:\/\/secuelas.artes.udelar.edu.uy\/wp-content\/uploads\/2022\/11\/Banner_Zeta-300x120.jpg 300w, https:\/\/secuelas.artes.udelar.edu.uy\/wp-content\/uploads\/2022\/11\/Banner_Zeta-768x307.jpg 768w, https:\/\/secuelas.artes.udelar.edu.uy\/wp-content\/uploads\/2022\/11\/Banner_Zeta-1536x615.jpg 1536w, https:\/\/secuelas.artes.udelar.edu.uy\/wp-content\/uploads\/2022\/11\/Banner_Zeta-2048x820.jpg 2048w\" sizes=\"auto, (max-width: 1024px) 100vw, 1024px\" \/><\/div><a class=\"wp-block-latest-posts__post-title\" href=\"https:\/\/secuelas.artes.udelar.edu.uy\/?p=626\">Mario Zlotnicki. Pinturas y dibujos.<\/a><div class=\"wp-block-latest-posts__post-excerpt\">Con mucho gusto presentamos esta exposici\u00f3n que re\u00fane pinturas y dibujos de la \u00faltima etapa creativa de Mario Zlotnicki en Uruguay, que pertenecen el Acervo Art\u00edstico Institucional del IENBA.\n\nZlotnicki fue integrante de la Escuela Nacional de Bellas Artes, artista y docente del Taller Asistencial y de Especializaci\u00f3n de Mosaico y participante de varias campa\u00f1as de sensibilidad visual de la Escuela. A la muestra se integran tres textos escritos por los profesores Javier Alonso, H\u00e9ctor Laborde y Carlos Seveso que ponen en di\u00e1logo las obras con el contexto social y art\u00edstico de Zlotnicki.<\/div><\/li>\n<\/ul>","protected":false},"excerpt":{"rendered":"","protected":false},"author":1,"featured_media":0,"parent":0,"menu_order":0,"comment_status":"closed","ping_status":"closed","template":"","meta":{"_uag_custom_page_level_css":"","ub_ctt_via":"","footnotes":""},"class_list":["post-80","page","type-page","status-publish","hentry"],"featured_image_src":null,"uagb_featured_image_src":{"full":false,"thumbnail":false,"medium":false,"medium_large":false,"large":false,"1536x1536":false,"2048x2048":false},"uagb_author_info":{"display_name":"soporteweb","author_link":"https:\/\/secuelas.artes.udelar.edu.uy\/?author=1"},"uagb_comment_info":0,"uagb_excerpt":null,"_links":{"self":[{"href":"https:\/\/secuelas.artes.udelar.edu.uy\/index.php?rest_route=\/wp\/v2\/pages\/80","targetHints":{"allow":["GET"]}}],"collection":[{"href":"https:\/\/secuelas.artes.udelar.edu.uy\/index.php?rest_route=\/wp\/v2\/pages"}],"about":[{"href":"https:\/\/secuelas.artes.udelar.edu.uy\/index.php?rest_route=\/wp\/v2\/types\/page"}],"author":[{"embeddable":true,"href":"https:\/\/secuelas.artes.udelar.edu.uy\/index.php?rest_route=\/wp\/v2\/users\/1"}],"replies":[{"embeddable":true,"href":"https:\/\/secuelas.artes.udelar.edu.uy\/index.php?rest_route=%2Fwp%2Fv2%2Fcomments&post=80"}],"version-history":[{"count":2,"href":"https:\/\/secuelas.artes.udelar.edu.uy\/index.php?rest_route=\/wp\/v2\/pages\/80\/revisions"}],"predecessor-version":[{"id":710,"href":"https:\/\/secuelas.artes.udelar.edu.uy\/index.php?rest_route=\/wp\/v2\/pages\/80\/revisions\/710"}],"wp:attachment":[{"href":"https:\/\/secuelas.artes.udelar.edu.uy\/index.php?rest_route=%2Fwp%2Fv2%2Fmedia&parent=80"}],"curies":[{"name":"wp","href":"https:\/\/api.w.org\/{rel}","templated":true}]}}